{"id":543,"date":"2021-01-11T13:10:47","date_gmt":"2021-01-11T13:10:47","guid":{"rendered":"https:\/\/www.ib-caddy.com\/ibwp-camworks-dev\/?page_id=543"},"modified":"2023-01-30T07:57:45","modified_gmt":"2023-01-30T07:57:45","slug":"training-events","status":"publish","type":"page","link":"https:\/\/camworks.ib-caddy.com\/sl\/training-events\/","title":{"rendered":"Training &#038; events"},"content":{"rendered":"<div data-elementor-type=\"wp-page\" data-elementor-id=\"543\" class=\"elementor elementor-543\" data-elementor-post-type=\"page\">\n\t\t\t\t\t\t<section class=\"elementor-section elementor-top-section elementor-element elementor-element-4f0f4b36 elementor-section-boxed elementor-section-height-default elementor-section-height-default\" data-id=\"4f0f4b36\" data-element_type=\"section\" data-e-type=\"section\">\n\t\t\t\t\t\t<div class=\"elementor-container elementor-column-gap-wider\">\n\t\t\t\t\t<div class=\"elementor-column elementor-col-100 elementor-top-column elementor-element elementor-element-50c12b33\" data-id=\"50c12b33\" data-element_type=\"column\" data-e-type=\"column\">\n\t\t\t<div class=\"elementor-widget-wrap elementor-element-populated\">\n\t\t\t\t\t\t<div class=\"elementor-element elementor-element-3953e02 elementor-widget elementor-widget-text-editor\" data-id=\"3953e02\" data-element_type=\"widget\" data-e-type=\"widget\" data-widget_type=\"text-editor.default\">\n\t\t\t\t<div class=\"elementor-widget-container\">\n\t\t\t\t\t\t\t\t\t<h2>Izobra\u017eevanja in dogodki<\/h2>\t\t\t\t\t\t\t\t<\/div>\n\t\t\t\t<\/div>\n\t\t\t\t<div class=\"elementor-element elementor-element-16c2ea2f elementor-widget elementor-widget-text-editor\" data-id=\"16c2ea2f\" data-element_type=\"widget\" data-e-type=\"widget\" data-widget_type=\"text-editor.default\">\n\t\t\t\t<div class=\"elementor-widget-container\">\n\t\t\t\t\t\t\t\t\t<p><strong>IB-CADDY<\/strong> ponuja razli\u010dna strokovna izobra\u017eevanja, ki si jih lahko ogledate v spodnjem koledarju.\u00a0<\/p><p><strong>Nau\u010dite se uporabljati CAMWorks v najkraj\u0161em mo\u017enem \u010dasu!<\/strong><\/p><p><span style=\"font-size: 1rem;\">Lahko nas kontaktirate neposredno preko telefona na\u00a0<\/span><span style=\"font-size: 1rem; font-weight: bolder;\">+386 1 566 12 55<\/span><span style=\"font-size: 1rem;\">\u00a0 ali nam po\u0161ljite e-sporo\u010dilo na<\/span><span style=\"font-size: 1rem;\">\u00a0<br \/><\/span><span style=\"font-size: 1rem; font-weight: bolder;\">info@ib-caddy.si<\/span><span style=\"font-size: 1rem;\">. Na\u0161 delovni \u010das je vsak delovni dan od <b>8:00 <\/b>do <b>16:00<\/b>.<\/span><\/p>\t\t\t\t\t\t\t\t<\/div>\n\t\t\t\t<\/div>\n\t\t\t\t\t<\/div>\n\t\t<\/div>\n\t\t\t\t\t<\/div>\n\t\t<\/section>\n\t\t\t\t<section class=\"elementor-section elementor-top-section elementor-element elementor-element-8a846d7 elementor-section-boxed elementor-section-height-default elementor-section-height-default\" data-id=\"8a846d7\" data-element_type=\"section\" data-e-type=\"section\">\n\t\t\t\t\t\t<div class=\"elementor-container elementor-column-gap-default\">\n\t\t\t\t\t<div class=\"elementor-column elementor-col-100 elementor-top-column elementor-element elementor-element-20374b1\" data-id=\"20374b1\" data-element_type=\"column\" data-e-type=\"column\">\n\t\t\t<div class=\"elementor-widget-wrap elementor-element-populated\">\n\t\t\t\t\t\t<div class=\"elementor-element elementor-element-37e33b3 elementor-widget elementor-widget-html\" data-id=\"37e33b3\" data-element_type=\"widget\" data-e-type=\"widget\" data-widget_type=\"html.default\">\n\t\t\t\t<div class=\"elementor-widget-container\">\n\t\t\t\t\t<iframe align=\"top\" class=\"wrapper\" frameborder=\"0\" height=\"700\" id=\"blockrandom\" name=\"iframe\" scrolling=\"auto\" src=\"https:\/\/www.ib-caddy.com\/mSeminars\/solidworks\/index.php?mod=calendar\" width=\"100%\"><\/iframe>\t\t\t\t<\/div>\n\t\t\t\t<\/div>\n\t\t\t\t\t<\/div>\n\t\t<\/div>\n\t\t\t\t\t<\/div>\n\t\t<\/section>\n\t\t\t\t<\/div>","protected":false},"excerpt":{"rendered":"<p>Trainings &amp; Events IB-CADDY offers various professional trainings which you can see in below calendar.\u00a0 Learn to use CAMWorks to it&#8217;s fullest potential in no time! You can also contact us directly via phone at\u00a0+386 1 566 12 55\u00a0 or send us an e-mail to\u00a0info@ib-caddy.si. Our work time is every working day from 8:00 to [&hellip;]<\/p>","protected":false},"author":2,"featured_media":0,"parent":0,"menu_order":0,"comment_status":"closed","ping_status":"closed","template":"","meta":{"footnotes":""},"class_list":["post-543","page","type-page","status-publish","hentry"],"_links":{"self":[{"href":"https:\/\/camworks.ib-caddy.com\/sl\/wp-json\/wp\/v2\/pages\/543","targetHints":{"allow":["GET"]}}],"collection":[{"href":"https:\/\/camworks.ib-caddy.com\/sl\/wp-json\/wp\/v2\/pages"}],"about":[{"href":"https:\/\/camworks.ib-caddy.com\/sl\/wp-json\/wp\/v2\/types\/page"}],"author":[{"embeddable":true,"href":"https:\/\/camworks.ib-caddy.com\/sl\/wp-json\/wp\/v2\/users\/2"}],"replies":[{"embeddable":true,"href":"https:\/\/camworks.ib-caddy.com\/sl\/wp-json\/wp\/v2\/comments?post=543"}],"version-history":[{"count":7,"href":"https:\/\/camworks.ib-caddy.com\/sl\/wp-json\/wp\/v2\/pages\/543\/revisions"}],"predecessor-version":[{"id":1260,"href":"https:\/\/camworks.ib-caddy.com\/sl\/wp-json\/wp\/v2\/pages\/543\/revisions\/1260"}],"wp:attachment":[{"href":"https:\/\/camworks.ib-caddy.com\/sl\/wp-json\/wp\/v2\/media?parent=543"}],"curies":[{"name":"wp","href":"https:\/\/api.w.org\/{rel}","templated":true}]}}